{"id":25,"date":"2020-08-18T18:19:39","date_gmt":"2020-08-18T18:19:39","guid":{"rendered":"https:\/\/escrime-ramonville.fr\/s\/?page_id=25"},"modified":"2020-08-19T16:07:54","modified_gmt":"2020-08-19T16:07:54","slug":"entreprise","status":"publish","type":"page","link":"https:\/\/escrime-ramonville.fr\/s\/le-club\/entreprise\/","title":{"rendered":"Entreprise"},"content":{"rendered":"<div id=\"modal-ready\">\n<h2 class=\"wp-block-heading\">Entreprise<\/h2>\n\n\n\n<h4 class=\"wp-block-heading\">Un bon moment ensemble<\/h4>\n\n\n\n<div class=\"wp-block-image\"><figure class=\"aligncenter size-large is-resized\"><img fetchpriority=\"high\" decoding=\"async\" src=\"https:\/\/escrime-ramonville.fr\/s\/wp-content\/uploads\/2020\/08\/escrime_entreprise_1_scaled-683x1024.jpg\" alt=\"\" class=\"wp-image-12\" width=\"303\" height=\"453\" srcset=\"https:\/\/escrime-ramonville.fr\/s\/wp-content\/uploads\/2020\/08\/escrime_entreprise_1_scaled-683x1024.jpg 683w, https:\/\/escrime-ramonville.fr\/s\/wp-content\/uploads\/2020\/08\/escrime_entreprise_1_scaled-200x300.jpg 200w\" sizes=\"(max-width: 303px) 100vw, 303px\" \/><\/figure><\/div>\n\n\n\n<p>Si l\u2019escrime est un sport de combat, il n\u2019est aucunement bas\u00e9 sur la force. L\u2019explosivit\u00e9, la vitesse, la pr\u00e9cision, les r\u00e9flexes et la coordination qualifient bien mieux ce sport. Toutes les sessions d&rsquo;escrime sont encadr\u00e9es par un professionnel dipl\u00f4m\u00e9 d\u2019\u00e9tat.<\/p>\n\n\n\n<p>L&rsquo;U. S. Ramonville intervient pour le compte d&rsquo;entreprises toulousaines et propose 2 prestations :<\/p>\n\n\n\n<div class=\"wp-block-group\"><div class=\"wp-block-group__inner-container is-layout-flow wp-block-group-is-layout-flow\">\n<div class=\"wp-block-group\"><div class=\"wp-block-group__inner-container is-layout-flow wp-block-group-is-layout-flow\">\n<ul class=\"wp-block-list\"><li>S\u00e9ance d&rsquo;initiation (minimum 2h) : id\u00e9ales pour les <em>team-building<\/em> ou lors de s\u00e9minaire<br>Affrontez vos coll\u00e8gues, collaborateurs, managers dans un esprit de convivialit\u00e9. Id\u00e9al pour m\u00ealer \u00e0 la fois esprit de comp\u00e9tition, coh\u00e9sion d&rsquo;\u00e9quipe ou r\u00e9solution de conflit, la tenue et le masque permettront aux plus r\u00e9serv\u00e9s de se r\u00e9v\u00e9ler en d\u00e9personnalisant leur adversaire mais \u00e9galement eux-m\u00eame. Des duels individuels ou par \u00e9quipes feront de cette initiation une moment inoubliable.<\/li><\/ul>\n<\/div><\/div>\n<\/div><\/div>\n\n\n\n<ul class=\"wp-block-list\"><li>S\u00e9ance de d\u00e9monstration : id\u00e9ales pour vos repas d&rsquo;entreprises ou <em>afterwork<\/em>.<br>Vous pourrez assister \u00e0 un match de 2 de nos champions combattant dans le circuit national \u00c9lite. Notre ma\u00eetres d&rsquo;armes expliquera les bases de notre sport et vous commentera le match afin de pouvoir vivre au mieux cette exp\u00e9rience. Fa\u00eetes vivre un spectacle olympique \u00e0 vos collaborateurs.<\/li><\/ul>\n<\/div>","protected":false},"excerpt":{"rendered":"<p>Entreprise Un bon moment ensemble Si l\u2019escrime est un sport de combat, il n\u2019est aucunement bas\u00e9 sur la force. L\u2019explosivit\u00e9, la vitesse, la pr\u00e9cision, les r\u00e9flexes et la coordination qualifient bien mieux ce sport. Toutes les sessions d&rsquo;escrime sont encadr\u00e9es par un professionnel dipl\u00f4m\u00e9 d\u2019\u00e9tat. L&rsquo;U. S. Ramonville intervient pour le compte d&rsquo;entreprises toulousaines et [&hellip;]<\/p>\n","protected":false},"author":1,"featured_media":0,"parent":20,"menu_order":0,"comment_status":"closed","ping_status":"closed","template":"","meta":{"footnotes":""},"class_list":["post-25","page","type-page","status-publish","hentry"],"_links":{"self":[{"href":"https:\/\/escrime-ramonville.fr\/s\/wp-json\/wp\/v2\/pages\/25","targetHints":{"allow":["GET"]}}],"collection":[{"href":"https:\/\/escrime-ramonville.fr\/s\/wp-json\/wp\/v2\/pages"}],"about":[{"href":"https:\/\/escrime-ramonville.fr\/s\/wp-json\/wp\/v2\/types\/page"}],"author":[{"embeddable":true,"href":"https:\/\/escrime-ramonville.fr\/s\/wp-json\/wp\/v2\/users\/1"}],"replies":[{"embeddable":true,"href":"https:\/\/escrime-ramonville.fr\/s\/wp-json\/wp\/v2\/comments?post=25"}],"version-history":[{"count":2,"href":"https:\/\/escrime-ramonville.fr\/s\/wp-json\/wp\/v2\/pages\/25\/revisions"}],"predecessor-version":[{"id":144,"href":"https:\/\/escrime-ramonville.fr\/s\/wp-json\/wp\/v2\/pages\/25\/revisions\/144"}],"up":[{"embeddable":true,"href":"https:\/\/escrime-ramonville.fr\/s\/wp-json\/wp\/v2\/pages\/20"}],"wp:attachment":[{"href":"https:\/\/escrime-ramonville.fr\/s\/wp-json\/wp\/v2\/media?parent=25"}],"curies":[{"name":"wp","href":"https:\/\/api.w.org\/{rel}","templated":true}]}}