{"id":27,"date":"2020-08-18T18:22:18","date_gmt":"2020-08-18T18:22:18","guid":{"rendered":"https:\/\/escrime-ramonville.fr\/s\/?page_id=27"},"modified":"2020-08-19T16:03:29","modified_gmt":"2020-08-19T16:03:29","slug":"escrime-decouverte","status":"publish","type":"page","link":"https:\/\/escrime-ramonville.fr\/s\/le-club\/escrime-decouverte\/","title":{"rendered":"Escrime d\u00e9couverte"},"content":{"rendered":"<div id=\"modal-ready\">\n<h2 class=\"wp-block-heading\">Escrime d\u00e9couverte<\/h2>\n\n\n\n<div class=\"wp-block-image\"><figure class=\"aligncenter size-large is-resized\"><img fetchpriority=\"high\" decoding=\"async\" src=\"https:\/\/escrime-ramonville.fr\/s\/wp-content\/uploads\/2020\/08\/baby_escrime_scaled-1024x680.jpg\" alt=\"\" class=\"wp-image-11\" width=\"437\" height=\"300\"\/><\/figure><\/div>\n\n\n\n<p>L&rsquo;US Ramonville accueille votre enfant \u00e0 partir de 5 ans pour un \u00e9veil \u00e0 l&rsquo;escrime.<\/p>\n\n\n\n<p>Sport ancestral connu et reconnu de tous grace aux h\u00e9ros de notre d&rsquo;enfance Zorro, D&rsquo;Artagnan et ses mousquetaires, Peter Pan, et bien d&rsquo;autres. Votre enfant participera \u00e0 des jeux destin\u00e9s \u00e0 d\u00e9velopper sa sociabilisation, son sens de la r\u00e9flexion, son habilit\u00e9, son \u00e9quilibre, sa dext\u00e9rit\u00e9 et sa coordination\u2026<\/p>\n\n\n\n<p>L&rsquo;escrime d\u00e9couverte est une approche globale de notre discipline dans laquelle il pourra :<\/p>\n\n\n\n<ul class=\"wp-block-list\"><li>appr\u00e9hender son corps, moyen pour toucher et objet \u00e0 toucher<\/li><li>d\u00e9couvrir l&rsquo;autre comme adversaire mais aussi comme ami pour s&rsquo;\u00e9quiper, s&rsquo;entraider, et s&rsquo;encourager<\/li><li>se saisir d&rsquo;un fleuret ou d&rsquo;une \u00e9p\u00e9e pour la 1\u00e8re fois afin d&rsquo;attaquer, de se d\u00e9fendre, mais aussi pour d\u00e9velopper la psycho motricit\u00e9<\/li><li>s&rsquo;approprier les valeurs de l&rsquo;escrime : ma\u00eetrise et d\u00e9passement de soi, concentration, humilit\u00e9 et respect en sont les ma\u00eetres mots.<\/li><\/ul>\n<\/div>","protected":false},"excerpt":{"rendered":"<p>Escrime d\u00e9couverte L&rsquo;US Ramonville accueille votre enfant \u00e0 partir de 5 ans pour un \u00e9veil \u00e0 l&rsquo;escrime. Sport ancestral connu et reconnu de tous grace aux h\u00e9ros de notre d&rsquo;enfance Zorro, D&rsquo;Artagnan et ses mousquetaires, Peter Pan, et bien d&rsquo;autres. Votre enfant participera \u00e0 des jeux destin\u00e9s \u00e0 d\u00e9velopper sa sociabilisation, son sens de la [&hellip;]<\/p>\n","protected":false},"author":1,"featured_media":0,"parent":20,"menu_order":0,"comment_status":"closed","ping_status":"closed","template":"","meta":{"footnotes":""},"class_list":["post-27","page","type-page","status-publish","hentry"],"_links":{"self":[{"href":"https:\/\/escrime-ramonville.fr\/s\/wp-json\/wp\/v2\/pages\/27","targetHints":{"allow":["GET"]}}],"collection":[{"href":"https:\/\/escrime-ramonville.fr\/s\/wp-json\/wp\/v2\/pages"}],"about":[{"href":"https:\/\/escrime-ramonville.fr\/s\/wp-json\/wp\/v2\/types\/page"}],"author":[{"embeddable":true,"href":"https:\/\/escrime-ramonville.fr\/s\/wp-json\/wp\/v2\/users\/1"}],"replies":[{"embeddable":true,"href":"https:\/\/escrime-ramonville.fr\/s\/wp-json\/wp\/v2\/comments?post=27"}],"version-history":[{"count":2,"href":"https:\/\/escrime-ramonville.fr\/s\/wp-json\/wp\/v2\/pages\/27\/revisions"}],"predecessor-version":[{"id":142,"href":"https:\/\/escrime-ramonville.fr\/s\/wp-json\/wp\/v2\/pages\/27\/revisions\/142"}],"up":[{"embeddable":true,"href":"https:\/\/escrime-ramonville.fr\/s\/wp-json\/wp\/v2\/pages\/20"}],"wp:attachment":[{"href":"https:\/\/escrime-ramonville.fr\/s\/wp-json\/wp\/v2\/media?parent=27"}],"curies":[{"name":"wp","href":"https:\/\/api.w.org\/{rel}","templated":true}]}}