{"id":29,"date":"2020-08-18T18:26:53","date_gmt":"2020-08-18T18:26:53","guid":{"rendered":"https:\/\/escrime-ramonville.fr\/s\/?page_id=29"},"modified":"2020-08-18T18:33:14","modified_gmt":"2020-08-18T18:33:14","slug":"la-competition","status":"publish","type":"page","link":"https:\/\/escrime-ramonville.fr\/s\/le-club\/la-competition\/","title":{"rendered":"La comp\u00e9tition"},"content":{"rendered":"<div id=\"modal-ready\">\n<h2 class=\"wp-block-heading\">La comp\u00e9tition<\/h2>\n\n\n\n<h4 class=\"wp-block-heading\">Les premi\u00e8res m\u00e9dailles<\/h4>\n\n\n\n<div class=\"wp-block-image\"><figure class=\"aligncenter size-large is-resized\"><img fetchpriority=\"high\" decoding=\"async\" src=\"https:\/\/escrime-ramonville.fr\/s\/wp-content\/uploads\/2020\/08\/lecon4_scaled-934x1024.jpg\" alt=\"\" class=\"wp-image-14\" width=\"274\" height=\"300\" srcset=\"https:\/\/escrime-ramonville.fr\/s\/wp-content\/uploads\/2020\/08\/lecon4_scaled-934x1024.jpg 934w, https:\/\/escrime-ramonville.fr\/s\/wp-content\/uploads\/2020\/08\/lecon4_scaled-274x300.jpg 274w, https:\/\/escrime-ramonville.fr\/s\/wp-content\/uploads\/2020\/08\/lecon4_scaled-768x842.jpg 768w, https:\/\/escrime-ramonville.fr\/s\/wp-content\/uploads\/2020\/08\/lecon4_scaled-1402x1536.jpg 1402w, https:\/\/escrime-ramonville.fr\/s\/wp-content\/uploads\/2020\/08\/lecon4_scaled.jpg 1752w\" sizes=\"(max-width: 274px) 100vw, 274px\" \/><\/figure><\/div>\n\n\n\n<p>Premier sport fran\u00e7ais au niveau des m\u00e9dailles olympiques fran\u00e7aises, l&rsquo;U. S. Ramonville encourage naturellement \u00e0 poursuivre la pratique de l&rsquo;escrime en comp\u00e9tition. Elle est accessible d\u00e8s la cat\u00e9gorie M7 et vous ouvrira les portes des comp\u00e9titions d\u00e9partementales, r\u00e9gionales et qui sait, faire comme nos champions : participer au circuits nationaux \u00c9lite qualificatifs pour les circuits mondiaux.<\/p>\n\n\n\n<p>Par groupe d&rsquo;\u00e2ge et de niveau, ces groupes comp\u00e9titions d\u00e9velopperont :<\/p>\n\n\n\n<ul class=\"wp-block-list\"><li>vos capacit\u00e9s physiques : vitesse, explosivit\u00e9, endurance, \u00e9quilibre, souplesse<\/li><li>votre bagage technique acquis les pr\u00e9c\u00e9dentes ann\u00e9es lors de s\u00e9ances collectives et de le\u00e7ons individuelles<\/li><li>votre sens tactiques afin de mettre en difficult\u00e9 votre adversaire<\/li><li>votre mental : gestion des \u00e9motions, concentration, d\u00e9passement de soi.<\/li><\/ul>\n<\/div>","protected":false},"excerpt":{"rendered":"<p>La comp\u00e9tition Les premi\u00e8res m\u00e9dailles Premier sport fran\u00e7ais au niveau des m\u00e9dailles olympiques fran\u00e7aises, l&rsquo;U. S. Ramonville encourage naturellement \u00e0 poursuivre la pratique de l&rsquo;escrime en comp\u00e9tition. Elle est accessible d\u00e8s la cat\u00e9gorie M7 et vous ouvrira les portes des comp\u00e9titions d\u00e9partementales, r\u00e9gionales et qui sait, faire comme nos champions : participer au circuits nationaux [&hellip;]<\/p>\n","protected":false},"author":1,"featured_media":0,"parent":20,"menu_order":0,"comment_status":"closed","ping_status":"closed","template":"","meta":{"footnotes":""},"class_list":["post-29","page","type-page","status-publish","hentry"],"_links":{"self":[{"href":"https:\/\/escrime-ramonville.fr\/s\/wp-json\/wp\/v2\/pages\/29","targetHints":{"allow":["GET"]}}],"collection":[{"href":"https:\/\/escrime-ramonville.fr\/s\/wp-json\/wp\/v2\/pages"}],"about":[{"href":"https:\/\/escrime-ramonville.fr\/s\/wp-json\/wp\/v2\/types\/page"}],"author":[{"embeddable":true,"href":"https:\/\/escrime-ramonville.fr\/s\/wp-json\/wp\/v2\/users\/1"}],"replies":[{"embeddable":true,"href":"https:\/\/escrime-ramonville.fr\/s\/wp-json\/wp\/v2\/comments?post=29"}],"version-history":[{"count":2,"href":"https:\/\/escrime-ramonville.fr\/s\/wp-json\/wp\/v2\/pages\/29\/revisions"}],"predecessor-version":[{"id":31,"href":"https:\/\/escrime-ramonville.fr\/s\/wp-json\/wp\/v2\/pages\/29\/revisions\/31"}],"up":[{"embeddable":true,"href":"https:\/\/escrime-ramonville.fr\/s\/wp-json\/wp\/v2\/pages\/20"}],"wp:attachment":[{"href":"https:\/\/escrime-ramonville.fr\/s\/wp-json\/wp\/v2\/media?parent=29"}],"curies":[{"name":"wp","href":"https:\/\/api.w.org\/{rel}","templated":true}]}}