{"id":32,"date":"2020-08-18T18:29:31","date_gmt":"2020-08-18T18:29:31","guid":{"rendered":"https:\/\/escrime-ramonville.fr\/s\/?page_id=32"},"modified":"2020-08-19T16:03:17","modified_gmt":"2020-08-19T16:03:17","slug":"loisirs","status":"publish","type":"page","link":"https:\/\/escrime-ramonville.fr\/s\/le-club\/loisirs\/","title":{"rendered":"Loisirs"},"content":{"rendered":"<div id=\"modal-ready\">\n<h4 class=\"wp-block-heading\">D\u00e9foulement et convivialit\u00e9<\/h4>\n\n\n\n<div class=\"wp-block-image\"><figure class=\"aligncenter size-large is-resized\"><img fetchpriority=\"high\" decoding=\"async\" src=\"https:\/\/escrime-ramonville.fr\/s\/wp-content\/uploads\/2020\/08\/escrime_loisir.jpg\" alt=\"\" class=\"wp-image-17\" width=\"392\" height=\"300\"\/><\/figure><\/div>\n\n\n\n<p>La section loisir de l&rsquo;U. S. Ramonville s&rsquo;adresse \u00e0 tout les adultes voulant s&rsquo;essayer et se perfectionner \u00e0 l&rsquo;escrime. Transpiration, convivialit\u00e9, sportivit\u00e9 et bonne humeur sont les ma\u00eetres mots de notre section loisir sur la piste comme en dehors.<\/p>\n\n\n\n<p>Pour se d\u00e9fouler dans la bonne humeur, vous encha\u00eenerez \u00e9chauffements, le\u00e7ons collectives, confrontations et quelques d\u00e9gustations ponctueront \u00e0 coup s\u00fbr plusieurs entra\u00eenements autour d&rsquo;un barbecue.<\/p>\n<\/div>","protected":false},"excerpt":{"rendered":"<p>D\u00e9foulement et convivialit\u00e9 La section loisir de l&rsquo;U. S. Ramonville s&rsquo;adresse \u00e0 tout les adultes voulant s&rsquo;essayer et se perfectionner \u00e0 l&rsquo;escrime. Transpiration, convivialit\u00e9, sportivit\u00e9 et bonne humeur sont les ma\u00eetres mots de notre section loisir sur la piste comme en dehors. Pour se d\u00e9fouler dans la bonne humeur, vous encha\u00eenerez \u00e9chauffements, le\u00e7ons collectives, confrontations [&hellip;]<\/p>\n","protected":false},"author":1,"featured_media":0,"parent":20,"menu_order":0,"comment_status":"closed","ping_status":"closed","template":"","meta":{"footnotes":""},"class_list":["post-32","page","type-page","status-publish","hentry"],"_links":{"self":[{"href":"https:\/\/escrime-ramonville.fr\/s\/wp-json\/wp\/v2\/pages\/32","targetHints":{"allow":["GET"]}}],"collection":[{"href":"https:\/\/escrime-ramonville.fr\/s\/wp-json\/wp\/v2\/pages"}],"about":[{"href":"https:\/\/escrime-ramonville.fr\/s\/wp-json\/wp\/v2\/types\/page"}],"author":[{"embeddable":true,"href":"https:\/\/escrime-ramonville.fr\/s\/wp-json\/wp\/v2\/users\/1"}],"replies":[{"embeddable":true,"href":"https:\/\/escrime-ramonville.fr\/s\/wp-json\/wp\/v2\/comments?post=32"}],"version-history":[{"count":2,"href":"https:\/\/escrime-ramonville.fr\/s\/wp-json\/wp\/v2\/pages\/32\/revisions"}],"predecessor-version":[{"id":141,"href":"https:\/\/escrime-ramonville.fr\/s\/wp-json\/wp\/v2\/pages\/32\/revisions\/141"}],"up":[{"embeddable":true,"href":"https:\/\/escrime-ramonville.fr\/s\/wp-json\/wp\/v2\/pages\/20"}],"wp:attachment":[{"href":"https:\/\/escrime-ramonville.fr\/s\/wp-json\/wp\/v2\/media?parent=32"}],"curies":[{"name":"wp","href":"https:\/\/api.w.org\/{rel}","templated":true}]}}