{"id":525,"date":"2025-06-29T18:27:08","date_gmt":"2025-06-29T18:27:08","guid":{"rendered":"https:\/\/escrime-ramonville.fr\/s\/?page_id=525"},"modified":"2025-08-26T18:20:46","modified_gmt":"2025-08-26T18:20:46","slug":"certificat","status":"publish","type":"page","link":"https:\/\/escrime-ramonville.fr\/s\/certificat\/","title":{"rendered":"Certificat m\u00e9dical"},"content":{"rendered":"<div id=\"modal-ready\">\t\t<div data-elementor-type=\"wp-page\" data-elementor-id=\"525\" class=\"elementor elementor-525\">\n\t\t\t\t\t\t<section class=\"elementor-section elementor-top-section elementor-element elementor-element-769ef00 elementor-section-boxed elementor-section-height-default elementor-section-height-default\" data-id=\"769ef00\" data-element_type=\"section\" data-e-type=\"section\">\n\t\t\t\t\t\t<div class=\"elementor-container elementor-column-gap-default\">\n\t\t\t\t\t<div class=\"elementor-column elementor-col-100 elementor-top-column elementor-element elementor-element-afed0e4\" data-id=\"afed0e4\" data-element_type=\"column\" data-e-type=\"column\">\n\t\t\t<div class=\"elementor-widget-wrap elementor-element-populated\">\n\t\t\t\t\t\t<div class=\"elementor-element elementor-element-52ef679 elementor-widget elementor-widget-heading\" data-id=\"52ef679\" data-element_type=\"widget\" data-e-type=\"widget\" data-widget_type=\"heading.default\">\n\t\t\t\t<div class=\"elementor-widget-container\">\n\t\t\t\t\t<h2 class=\"elementor-heading-title elementor-size-default\">Certificats m\u00e9dicaux<\/h2>\t\t\t\t<\/div>\n\t\t\t\t<\/div>\n\t\t\t\t\t<\/div>\n\t\t<\/div>\n\t\t\t\t\t<\/div>\n\t\t<\/section>\n\t\t\t\t<section class=\"elementor-section elementor-top-section elementor-element elementor-element-6f90ac4 elementor-section-boxed elementor-section-height-default elementor-section-height-default\" data-id=\"6f90ac4\" data-element_type=\"section\" data-e-type=\"section\">\n\t\t\t\t\t\t<div class=\"elementor-container elementor-column-gap-default\">\n\t\t\t\t\t<div class=\"elementor-column elementor-col-100 elementor-top-column elementor-element elementor-element-af88f0b\" data-id=\"af88f0b\" data-element_type=\"column\" data-e-type=\"column\">\n\t\t\t<div class=\"elementor-widget-wrap elementor-element-populated\">\n\t\t\t\t\t\t<div class=\"elementor-element elementor-element-f8afe1b elementor-widget elementor-widget-text-editor\" data-id=\"f8afe1b\" data-element_type=\"widget\" data-e-type=\"widget\" data-widget_type=\"text-editor.default\">\n\t\t\t\t<div class=\"elementor-widget-container\">\n\t\t\t\t\t\t\t\t\t<p>R\u00e8gles sur les certificats m\u00e9dicaux disponibles sur <a href=\"https:\/\/www.ffescrime.fr\/je-suis-en-club\/certificats-medicaux-et-surclassements\/\">le site de la f\u00e9d\u00e9ration<\/a><\/p><p>\u00a0<\/p><p>Cas d&rsquo;usage les plus fr\u00e9quents :<\/p><p>&#8211; Pour les moins de 18 ans : <a href=\"https:\/\/www.ffescrime.fr\/wp-content\/uploads\/2023\/08\/sportif-mineur.pdf\">questionnaire sant\u00e9<\/a> \u00e0 remplir, en cas d&rsquo;une r\u00e9ponse n\u00e9gative, besoin d&rsquo;un certificat m\u00e9dical<\/p><p>&#8211; Pour les plus de 18 ans : besoin d&rsquo;un certificat m\u00e9dical pour une premi\u00e8re licence ou si une r\u00e9ponse n\u00e9gative au <a href=\"https:\/\/www.ffescrime.fr\/wp-content\/uploads\/2023\/08\/QS-Sport.pdf\">questionnaire sant\u00e9<\/a><\/p><p>&#8211; A partir de 40 ans : besoin d&rsquo;un certificat, merci de consulter les r\u00e8gles particuli\u00e8res ou nous le demander<\/p>\t\t\t\t\t\t\t\t<\/div>\n\t\t\t\t<\/div>\n\t\t\t\t\t<\/div>\n\t\t<\/div>\n\t\t\t\t\t<\/div>\n\t\t<\/section>\n\t\t\t\t<\/div>\n\t\t<\/div>","protected":false},"excerpt":{"rendered":"<p>Certificats m\u00e9dicaux R\u00e8gles sur les certificats m\u00e9dicaux disponibles sur le site de la f\u00e9d\u00e9ration \u00a0 Cas d&rsquo;usage les plus fr\u00e9quents : &#8211; Pour les moins de 18 ans : questionnaire sant\u00e9 \u00e0 remplir, en cas d&rsquo;une r\u00e9ponse n\u00e9gative, besoin d&rsquo;un certificat m\u00e9dical &#8211; Pour les plus de 18 ans : besoin d&rsquo;un certificat m\u00e9dical pour [&hellip;]<\/p>\n","protected":false},"author":2,"featured_media":0,"parent":0,"menu_order":0,"comment_status":"closed","ping_status":"closed","template":"","meta":{"footnotes":""},"class_list":["post-525","page","type-page","status-publish","hentry"],"_links":{"self":[{"href":"https:\/\/escrime-ramonville.fr\/s\/wp-json\/wp\/v2\/pages\/525","targetHints":{"allow":["GET"]}}],"collection":[{"href":"https:\/\/escrime-ramonville.fr\/s\/wp-json\/wp\/v2\/pages"}],"about":[{"href":"https:\/\/escrime-ramonville.fr\/s\/wp-json\/wp\/v2\/types\/page"}],"author":[{"embeddable":true,"href":"https:\/\/escrime-ramonville.fr\/s\/wp-json\/wp\/v2\/users\/2"}],"replies":[{"embeddable":true,"href":"https:\/\/escrime-ramonville.fr\/s\/wp-json\/wp\/v2\/comments?post=525"}],"version-history":[{"count":6,"href":"https:\/\/escrime-ramonville.fr\/s\/wp-json\/wp\/v2\/pages\/525\/revisions"}],"predecessor-version":[{"id":531,"href":"https:\/\/escrime-ramonville.fr\/s\/wp-json\/wp\/v2\/pages\/525\/revisions\/531"}],"wp:attachment":[{"href":"https:\/\/escrime-ramonville.fr\/s\/wp-json\/wp\/v2\/media?parent=525"}],"curies":[{"name":"wp","href":"https:\/\/api.w.org\/{rel}","templated":true}]}}